{"id":23940,"date":"2019-12-14T12:24:23","date_gmt":"2019-12-14T12:24:23","guid":{"rendered":"http:\/\/sanpedrodejujuy.gob.ar\/?page_id=23940"},"modified":"2022-01-03T10:36:45","modified_gmt":"2022-01-03T13:36:45","slug":"licencia-de-conducir","status":"publish","type":"page","link":"https:\/\/sanpedrodejujuy.gob.ar\/?page_id=23940","title":{"rendered":"LICENCIA DE CONDUCIR"},"content":{"rendered":"<div id=\"fb-root\"><\/div>\n[vc_row][vc_column]<a\thref=\"http:\/\/sanpedrodejujuy.gob.ar\/?page_id=25452\" \n\t\t\t\tclass=\"button btn_medium btn_theme_color btn_rounded btn_normal_style   boc_animate_when_almost_visible boc_left-to-right \"  target='_self'><span>SACAR TURNO LICENCIA DE CONDUCIR<\/span><\/a><div class=\"boc_spacing \" style=\"height: 20px\"><\/div>[vc_single_image img_size=&#8221;large&#8221; alignment=&#8221;center&#8221; style=&#8221;vc_box_shadow_3d&#8221; onclick=&#8221;link_image&#8221; css_animation=&#8221;boc_animate_when_almost_visible boc_left-to-right&#8221; image=&#8221;38062&#8243;][vc_column_text]<strong><u>LICENCIA PARTICULAR<\/u><\/strong>\r\n\r\n<strong><u>REQUISITOS<\/u><\/strong>\r\n<ul>\r\n \t<li>SER MAYOR DE 18 A\u00d1OS<\/li>\r\n \t<li>TENER DOMICILIO EN LA CIUDAD DE SAN PEDRO (OBLIGATORIO)<\/li>\r\n \t<li>DOS COPIAS DE DNI<\/li>\r\n \t<li>CERTIFICADO DE GRUPO SANGU\u00cdNEO (solo por primera vez)<\/li>\r\n \t<li>SACAR EL CENAT Y ABONARLO (<a href=\"https:\/\/www.argentina.gob.ar\/seguridadvial\/licencianacional\/cenat\">CLICK AQUI<\/a>)<\/li>\r\n \t<li>CERTIFICADO DE LEGALIDAD PARA LICENCIAS DE OTRA JURISDICCION<\/li>\r\n \t<li>EN CASO DE ROBO O PERDIDA, PRESENTAR EXPOSICION POLICIAL<\/li>\r\n<\/ul>\r\n<strong>PASOS A SEGUIR<\/strong>\r\n<ol>\r\n \t<li>APERSONARSE A LAS OFICINAS DEL CENTRO DE EMISI\u00d3N DE LICENCIAS CON LOS REQUISITOS<\/li>\r\n \t<li>ASISTIR AL MEDICO PARA EXAMEN PSICOFISICO (Turno solicitado al operador)<\/li>\r\n \t<li>CURSO Y EXAMEN TE\u00d3RICO Y PRACTICO<\/li>\r\n \t<li>UNA VEZ APROBADO LOS CURSOS DEBERA REGRESAR AL CENTRO DE EMISION DE LICENCIAS PARA LA IMPRESI\u00d3N DE LA MISMA<\/li>\r\n<\/ol>\r\n&nbsp;\r\n\r\n*Los menores de 18 a\u00f1os, deber\u00e1n tener la autorizaci\u00f3n de padre y madre certificada por Escribano P\u00fablico, edad m\u00ednima de 16 a\u00f1os para motos y 17 a\u00f1os para Veh\u00edculos.\r\n\r\n*Curso de capacitaci\u00f3n y los ex\u00e1menes Te\u00f3ricos y Pr\u00e1cticos ser\u00e1n exigidos a aquellas personas que soliciten por primera vez su Licencia Nacional de Conducir, sean mayores de 65 A\u00f1os, por ampliaci\u00f3n de categor\u00edas y para los que excedan los 90 d\u00edas de vencimiento. Turno Solicitado al Operador\r\n\r\n*El valor del CENAT es de $600 se abona por Medios Electr\u00f3nicos, Rapipago, Pago F\u00e1cil.\r\n\r\n<strong>PARA LA RENOVACION DE LA LICENCIA PARTICULAR NO ES NECESARIO<\/strong>\r\n<ul>\r\n \t<li>GRUPO SANGUINEO<\/li>\r\n \t<li>Y EL EXAMEN TE\u00d3RICO Y PRACTICO SE HACE SI SUPERA LOS 90 DIAS DESDE EL VENCIMIENTO<\/li>\r\n<\/ul>\r\n<strong>PARA LOS ASPIRANTES CON LICENCIAS DE CONDUCIR DE OTRAS JURISDICCIONES DEBER\u00c1N PRESENTAR EL CERTIFICADO DE LEGALIDAD EMITIDO POR EL MUNICIPIO DE ORIGEN.<\/strong>\r\n\r\n<strong><u>LICENCIA PROFESIONAL<\/u><\/strong>\r\n\r\n<strong><u>REQUISITOS<\/u><\/strong>\r\n<ul>\r\n \t<li>SER MAYOR DE 21 A\u00d1OS<\/li>\r\n \t<li>TENER DOMICILIO EN LA CIUDAD DE SAN PEDRO (OBLIGATORIO)<\/li>\r\n \t<li>TENER LICENCIA DE CONDUCIR CON UN A\u00d1O DE ANTIG\u00dcEDAD MINIMO.<\/li>\r\n \t<li>DOS COPIAS DE DNI<\/li>\r\n \t<li>SACAR CENAT Y ABONARLO (<a href=\"https:\/\/www.argentina.gob.ar\/seguridadvial\/licencianacional\/cenat\">CLICK AQUI<\/a>)<\/li>\r\n \t<li>CERTIFICADO DE REINCIDENCIA RNR (solo para categor\u00eda de Transporte de Pasajeros)<a href=\"https:\/\/www.argentina.gob.ar\/justicia\/reincidencia\/antecedentespenales\" target=\"_blank\" rel=\"noopener noreferrer\">CLICK AQUI<\/a><\/li>\r\n \t<li>CERTIFICADO DE LEGALIDAD PARA LICENCIAS DE OTRA JURISDICCION<\/li>\r\n \t<li>EN CASO DE ROBO O PERDIDA, PRESENTAR EXPOSICION POLICIAL<\/li>\r\n<\/ul>\r\n<strong>PASOS A SEGUIR<\/strong>\r\n<ol>\r\n \t<li>APERSONARSE A LAS OFICINAS DEL CENTRO DE EMISI\u00d3N DE LICENCIAS CON LOS REQUISITOS<\/li>\r\n \t<li>ASISTIR AL MEDICO PARA EXAMEN PSICOFISICO (Turno solicitado al operador)<\/li>\r\n \t<li>ASISTIR AL EXAMEN PSICOLOGICO (Turno solicitado al operador)<\/li>\r\n \t<li>CURSO Y EXAMEN TE\u00d3RICO Y PRACTICO<\/li>\r\n \t<li>UNA VEZ APROBADO LOS CURSOS DEBERA REGRESAR AL CENTRO DE EMISION DE LICENCIAS PARA LA IMPRESI\u00d3N DE LA MISMA<\/li>\r\n<\/ol>\r\n&nbsp;\r\n\r\n*Curso de capacitaci\u00f3n y los ex\u00e1menes Te\u00f3ricos y Pr\u00e1cticos ser\u00e1n exigidos a aquellas personas sean mayores de 65 a\u00f1os, por ampliaci\u00f3n de categor\u00edas y para los que excedan los 90 d\u00edas de vencimiento. Turno Solicitado al Operador\r\n\r\n*El valor del CENAT es de $600.- se abona por Medios Electr\u00f3nicos, Rapipago y Pago F\u00e1cil.\r\n\r\n*Costo de Examen Psicol\u00f3gico $400.-[\/vc_column_text][\/vc_column][\/vc_row]","protected":false},"excerpt":{"rendered":"<p>[vc_row][vc_column][vc_single_image img_size=&#8221;large&#8221; alignment=&#8221;center&#8221; style=&#8221;vc_box_shadow_3d&#8221; onclick=&#8221;link_image&#8221; css_animation=&#8221;boc_animate_when_almost_visible boc_left-to-right&#8221; image=&#8221;38062&#8243;][vc_column_text]LICENCIA PARTICULAR REQUISITOS SER MAYOR DE 18 A\u00d1OS TENER DOMICILIO EN LA CIUDAD DE SAN PEDRO (OBLIGATORIO) DOS COPIAS DE DNI CERTIFICADO DE GRUPO SANGU\u00cdNEO (solo por primera vez) SACAR EL CENAT Y ABONARLO (CLICK AQUI) CERTIFICADO DE LEGALIDAD PARA LICENCIAS DE OTRA JURISDICCION EN CASO DE ROBO O PERDIDA, PRESENTAR EXPOSICION POLICIAL<\/p>\n<div class=\"h10\"><\/div>\n<p><a class=\"more-link2 flat\" href=\"https:\/\/sanpedrodejujuy.gob.ar\/?page_id=23940\">Leer mas <\/a><\/p>\n","protected":false},"author":1,"featured_media":0,"parent":0,"menu_order":0,"comment_status":"closed","ping_status":"closed","template":"","meta":{"footnotes":""},"class_list":["post-23940","page","type-page","status-publish","hentry"],"yoast_head":"<!-- This site is optimized with the Yoast SEO plugin v27.3 - https:\/\/yoast.com\/product\/yoast-seo-wordpress\/ -->\n<title>LICENCIA DE CONDUCIR - Municipalidad de San Pedro de Jujuy<\/title>\n<meta name=\"robots\" content=\"index, follow, max-snippet:-1, max-image-preview:large, max-video-preview:-1\" \/>\n<link rel=\"canonical\" href=\"https:\/\/sanpedrodejujuy.gob.ar\/?page_id=23940\" \/>\n<meta property=\"og:locale\" content=\"es_ES\" \/>\n<meta property=\"og:type\" content=\"article\" \/>\n<meta property=\"og:title\" content=\"LICENCIA DE CONDUCIR - Municipalidad de San Pedro de Jujuy\" \/>\n<meta property=\"og:description\" content=\"[vc_row][vc_column][vc_single_image img_size=&#8221;large&#8221; alignment=&#8221;center&#8221; style=&#8221;vc_box_shadow_3d&#8221; onclick=&#8221;link_image&#8221; css_animation=&#8221;boc_animate_when_almost_visible boc_left-to-right&#8221; image=&#8221;38062&#8243;][vc_column_text]LICENCIA PARTICULAR REQUISITOS SER MAYOR DE 18 A\u00d1OS TENER DOMICILIO EN LA CIUDAD DE SAN PEDRO (OBLIGATORIO) DOS COPIAS DE DNI CERTIFICADO DE GRUPO SANGU\u00cdNEO (solo por primera vez) SACAR EL CENAT Y ABONARLO (CLICK AQUI) CERTIFICADO DE LEGALIDAD PARA LICENCIAS DE OTRA JURISDICCION EN CASO DE ROBO O PERDIDA, PRESENTAR EXPOSICION POLICIALLeer mas\" \/>\n<meta property=\"og:url\" content=\"https:\/\/sanpedrodejujuy.gob.ar\/?page_id=23940\" \/>\n<meta property=\"og:site_name\" content=\"Municipalidad de San Pedro de Jujuy\" \/>\n<meta property=\"article:modified_time\" content=\"2022-01-03T13:36:45+00:00\" \/>\n<meta property=\"og:image\" content=\"https:\/\/sanpedrodejujuy.gob.ar\/wp-content\/uploads\/2020\/05\/logoMSPJ-3.png\" \/>\n\t<meta property=\"og:image:width\" content=\"500\" \/>\n\t<meta property=\"og:image:height\" content=\"500\" \/>\n\t<meta property=\"og:image:type\" content=\"image\/png\" \/>\n<meta name=\"twitter:card\" content=\"summary_large_image\" \/>\n<meta name=\"twitter:label1\" content=\"Tiempo de lectura\" \/>\n\t<meta name=\"twitter:data1\" content=\"3 minutos\" \/>\n<script type=\"application\/ld+json\" class=\"yoast-schema-graph\">{\"@context\":\"https:\\\/\\\/schema.org\",\"@graph\":[{\"@type\":\"WebPage\",\"@id\":\"https:\\\/\\\/sanpedrodejujuy.gob.ar\\\/?page_id=23940\",\"url\":\"https:\\\/\\\/sanpedrodejujuy.gob.ar\\\/?page_id=23940\",\"name\":\"LICENCIA DE CONDUCIR - Municipalidad de San Pedro de Jujuy\",\"isPartOf\":{\"@id\":\"https:\\\/\\\/sanpedrodejujuy.gob.ar\\\/#website\"},\"datePublished\":\"2019-12-14T12:24:23+00:00\",\"dateModified\":\"2022-01-03T13:36:45+00:00\",\"breadcrumb\":{\"@id\":\"https:\\\/\\\/sanpedrodejujuy.gob.ar\\\/?page_id=23940#breadcrumb\"},\"inLanguage\":\"es-AR\",\"potentialAction\":[{\"@type\":\"ReadAction\",\"target\":[\"https:\\\/\\\/sanpedrodejujuy.gob.ar\\\/?page_id=23940\"]}]},{\"@type\":\"BreadcrumbList\",\"@id\":\"https:\\\/\\\/sanpedrodejujuy.gob.ar\\\/?page_id=23940#breadcrumb\",\"itemListElement\":[{\"@type\":\"ListItem\",\"position\":1,\"name\":\"Inicio\",\"item\":\"https:\\\/\\\/sanpedrodejujuy.gob.ar\\\/\"},{\"@type\":\"ListItem\",\"position\":2,\"name\":\"LICENCIA DE CONDUCIR\"}]},{\"@type\":\"WebSite\",\"@id\":\"https:\\\/\\\/sanpedrodejujuy.gob.ar\\\/#website\",\"url\":\"https:\\\/\\\/sanpedrodejujuy.gob.ar\\\/\",\"name\":\"Municipalidad de San Pedro de Jujuy\",\"description\":\"Sitio Oficial de la Municipalidad de San Pedro de Jujuy\",\"publisher\":{\"@id\":\"https:\\\/\\\/sanpedrodejujuy.gob.ar\\\/#organization\"},\"potentialAction\":[{\"@type\":\"SearchAction\",\"target\":{\"@type\":\"EntryPoint\",\"urlTemplate\":\"https:\\\/\\\/sanpedrodejujuy.gob.ar\\\/?s={search_term_string}\"},\"query-input\":{\"@type\":\"PropertyValueSpecification\",\"valueRequired\":true,\"valueName\":\"search_term_string\"}}],\"inLanguage\":\"es-AR\"},{\"@type\":\"Organization\",\"@id\":\"https:\\\/\\\/sanpedrodejujuy.gob.ar\\\/#organization\",\"name\":\"Municipalidad de San Pedro de Jujuy\",\"url\":\"https:\\\/\\\/sanpedrodejujuy.gob.ar\\\/\",\"logo\":{\"@type\":\"ImageObject\",\"inLanguage\":\"es-AR\",\"@id\":\"https:\\\/\\\/sanpedrodejujuy.gob.ar\\\/#\\\/schema\\\/logo\\\/image\\\/\",\"url\":\"https:\\\/\\\/sanpedrodejujuy.gob.ar\\\/wp-content\\\/uploads\\\/2020\\\/05\\\/logoMSPJ-3.png\",\"contentUrl\":\"https:\\\/\\\/sanpedrodejujuy.gob.ar\\\/wp-content\\\/uploads\\\/2020\\\/05\\\/logoMSPJ-3.png\",\"width\":500,\"height\":500,\"caption\":\"Municipalidad de San Pedro de Jujuy\"},\"image\":{\"@id\":\"https:\\\/\\\/sanpedrodejujuy.gob.ar\\\/#\\\/schema\\\/logo\\\/image\\\/\"}}]}<\/script>\n<!-- \/ Yoast SEO plugin. -->","yoast_head_json":{"title":"LICENCIA DE CONDUCIR - Municipalidad de San Pedro de Jujuy","robots":{"index":"index","follow":"follow","max-snippet":"max-snippet:-1","max-image-preview":"max-image-preview:large","max-video-preview":"max-video-preview:-1"},"canonical":"https:\/\/sanpedrodejujuy.gob.ar\/?page_id=23940","og_locale":"es_ES","og_type":"article","og_title":"LICENCIA DE CONDUCIR - Municipalidad de San Pedro de Jujuy","og_description":"[vc_row][vc_column][vc_single_image img_size=&#8221;large&#8221; alignment=&#8221;center&#8221; style=&#8221;vc_box_shadow_3d&#8221; onclick=&#8221;link_image&#8221; css_animation=&#8221;boc_animate_when_almost_visible boc_left-to-right&#8221; image=&#8221;38062&#8243;][vc_column_text]LICENCIA PARTICULAR REQUISITOS SER MAYOR DE 18 A\u00d1OS TENER DOMICILIO EN LA CIUDAD DE SAN PEDRO (OBLIGATORIO) DOS COPIAS DE DNI CERTIFICADO DE GRUPO SANGU\u00cdNEO (solo por primera vez) SACAR EL CENAT Y ABONARLO (CLICK AQUI) CERTIFICADO DE LEGALIDAD PARA LICENCIAS DE OTRA JURISDICCION EN CASO DE ROBO O PERDIDA, PRESENTAR EXPOSICION POLICIALLeer mas","og_url":"https:\/\/sanpedrodejujuy.gob.ar\/?page_id=23940","og_site_name":"Municipalidad de San Pedro de Jujuy","article_modified_time":"2022-01-03T13:36:45+00:00","og_image":[{"width":500,"height":500,"url":"https:\/\/sanpedrodejujuy.gob.ar\/wp-content\/uploads\/2020\/05\/logoMSPJ-3.png","type":"image\/png"}],"twitter_card":"summary_large_image","twitter_misc":{"Tiempo de lectura":"3 minutos"},"schema":{"@context":"https:\/\/schema.org","@graph":[{"@type":"WebPage","@id":"https:\/\/sanpedrodejujuy.gob.ar\/?page_id=23940","url":"https:\/\/sanpedrodejujuy.gob.ar\/?page_id=23940","name":"LICENCIA DE CONDUCIR - Municipalidad de San Pedro de Jujuy","isPartOf":{"@id":"https:\/\/sanpedrodejujuy.gob.ar\/#website"},"datePublished":"2019-12-14T12:24:23+00:00","dateModified":"2022-01-03T13:36:45+00:00","breadcrumb":{"@id":"https:\/\/sanpedrodejujuy.gob.ar\/?page_id=23940#breadcrumb"},"inLanguage":"es-AR","potentialAction":[{"@type":"ReadAction","target":["https:\/\/sanpedrodejujuy.gob.ar\/?page_id=23940"]}]},{"@type":"BreadcrumbList","@id":"https:\/\/sanpedrodejujuy.gob.ar\/?page_id=23940#breadcrumb","itemListElement":[{"@type":"ListItem","position":1,"name":"Inicio","item":"https:\/\/sanpedrodejujuy.gob.ar\/"},{"@type":"ListItem","position":2,"name":"LICENCIA DE CONDUCIR"}]},{"@type":"WebSite","@id":"https:\/\/sanpedrodejujuy.gob.ar\/#website","url":"https:\/\/sanpedrodejujuy.gob.ar\/","name":"Municipalidad de San Pedro de Jujuy","description":"Sitio Oficial de la Municipalidad de San Pedro de Jujuy","publisher":{"@id":"https:\/\/sanpedrodejujuy.gob.ar\/#organization"},"potentialAction":[{"@type":"SearchAction","target":{"@type":"EntryPoint","urlTemplate":"https:\/\/sanpedrodejujuy.gob.ar\/?s={search_term_string}"},"query-input":{"@type":"PropertyValueSpecification","valueRequired":true,"valueName":"search_term_string"}}],"inLanguage":"es-AR"},{"@type":"Organization","@id":"https:\/\/sanpedrodejujuy.gob.ar\/#organization","name":"Municipalidad de San Pedro de Jujuy","url":"https:\/\/sanpedrodejujuy.gob.ar\/","logo":{"@type":"ImageObject","inLanguage":"es-AR","@id":"https:\/\/sanpedrodejujuy.gob.ar\/#\/schema\/logo\/image\/","url":"https:\/\/sanpedrodejujuy.gob.ar\/wp-content\/uploads\/2020\/05\/logoMSPJ-3.png","contentUrl":"https:\/\/sanpedrodejujuy.gob.ar\/wp-content\/uploads\/2020\/05\/logoMSPJ-3.png","width":500,"height":500,"caption":"Municipalidad de San Pedro de Jujuy"},"image":{"@id":"https:\/\/sanpedrodejujuy.gob.ar\/#\/schema\/logo\/image\/"}}]}},"_links":{"self":[{"href":"https:\/\/sanpedrodejujuy.gob.ar\/index.php?rest_route=\/wp\/v2\/pages\/23940","targetHints":{"allow":["GET"]}}],"collection":[{"href":"https:\/\/sanpedrodejujuy.gob.ar\/index.php?rest_route=\/wp\/v2\/pages"}],"about":[{"href":"https:\/\/sanpedrodejujuy.gob.ar\/index.php?rest_route=\/wp\/v2\/types\/page"}],"author":[{"embeddable":true,"href":"https:\/\/sanpedrodejujuy.gob.ar\/index.php?rest_route=\/wp\/v2\/users\/1"}],"replies":[{"embeddable":true,"href":"https:\/\/sanpedrodejujuy.gob.ar\/index.php?rest_route=%2Fwp%2Fv2%2Fcomments&post=23940"}],"version-history":[{"count":0,"href":"https:\/\/sanpedrodejujuy.gob.ar\/index.php?rest_route=\/wp\/v2\/pages\/23940\/revisions"}],"wp:attachment":[{"href":"https:\/\/sanpedrodejujuy.gob.ar\/index.php?rest_route=%2Fwp%2Fv2%2Fmedia&parent=23940"}],"curies":[{"name":"wp","href":"https:\/\/api.w.org\/{rel}","templated":true}]}}